{"id":15020,"date":"2026-04-21T08:25:50","date_gmt":"2026-04-21T06:25:50","guid":{"rendered":"https:\/\/glinik.com.pl\/?page_id=15020"},"modified":"2026-04-21T08:25:50","modified_gmt":"2026-04-21T06:25:50","slug":"sistema-de-sellado","status":"publish","type":"page","link":"https:\/\/glinik.com.pl\/es\/sistema-de-sellado\/","title":{"rendered":"Sistema de sellado"},"content":{"rendered":"\n<div class=\"slider-typ-3\">\n     <div class=\"container-full\">\n                    <ul id=\"lightSlider6\">\n                                    <li>\n\n                    <div  data-aos=\"zoom-in\" data-aos-duration=\"300\" data-aos-delay=\"300\"  class=\"img-1\">\n                        <img decoding=\"async\" src=\"https:\/\/glinik.com.pl\/wp-content\/uploads\/2026\/04\/zzespol_311_iadc437_12-scaled-e1776253071100-1024x843.jpg\" alt=\"\">\n                    <\/div>\n\n\n                    <div data-aos=\"fade-left\" data-aos-duration=\"300\" data-aos-delay=\"300\" class=\"box-left\">\n\n                            <h2>PremH\u2122<\/h2>\n                            <p data-start=\"0\" data-end=\"186\"><strong data-start=\"0\" data-end=\"23\">Estabilidad t\u00e9rmica<\/strong><br data-start=\"23\" data-end=\"26\" \/>PremH\u2122 mantiene alta resistencia mec\u00e1nica y baja deformaci\u00f3n a temperaturas elevadas, garantizando la estanqueidad y un funcionamiento fiable a altas RPM y WOB.<\/p>\n<p data-start=\"188\" data-end=\"388\"><strong data-start=\"188\" data-end=\"220\">Resistencia qu\u00edmica avanzada<\/strong><br data-start=\"220\" data-end=\"223\" \/>Ofrece alta resistencia al desgarro, la abrasi\u00f3n y el agrietamiento, manteniendo la estanqueidad en condiciones de vibraci\u00f3n, cargas y altas velocidades de rotaci\u00f3n.<\/p>\n<p data-start=\"390\" data-end=\"567\" data-is-last-node=\"\" data-is-only-node=\"\"><strong data-start=\"390\" data-end=\"420\">Mayor fiabilidad operativa<\/strong><br data-start=\"420\" data-end=\"423\" \/>Aumenta el MTBF del sistema de rodamientos y lubricaci\u00f3n, prolongando la vida \u00fatil de la barrena y reduciendo las sustituciones no planificadas.<\/p>\n                            \n                     <\/div>\n\n                <\/li>\n\n\n\n                 \n                                    <li>\n\n                    <div  data-aos=\"zoom-in\" data-aos-duration=\"300\" data-aos-delay=\"300\"  class=\"img-1\">\n                        <img decoding=\"async\" src=\"https:\/\/glinik.com.pl\/wp-content\/uploads\/2026\/04\/zzespol_311_iadc437_13-1-scaled-e1776253147669-1024x831.png\" alt=\"\">\n                    <\/div>\n\n\n                    <div data-aos=\"fade-left\" data-aos-duration=\"300\" data-aos-delay=\"300\" class=\"box-left\">\n\n                            <h2> ThermF\u2122 <\/h2>\n                            <p data-start=\"0\" data-end=\"196\"><strong data-start=\"0\" data-end=\"23\">Estabilidad t\u00e9rmica<\/strong><br data-start=\"23\" data-end=\"26\" \/>ThermF\u2122 garantiza un funcionamiento estable a temperaturas de 180\u2013230\u00b0C (hasta 250\u00b0C de forma puntual), reduciendo el desgaste, las fugas y la degradaci\u00f3n del lubricante.<\/p>\n<p data-start=\"198\" data-end=\"440\"><strong data-start=\"198\" data-end=\"230\">Resistencia qu\u00edmica avanzada<\/strong><br data-start=\"230\" data-end=\"233\" \/>Ofrece alta resistencia a la abrasi\u00f3n, los desgarros y el desgaste bajo cargas intensivas y vibraciones, manteniendo la estanqueidad incluso con grandes diferenciales de presi\u00f3n y variaciones de temperatura.<\/p>\n<p data-start=\"442\" data-end=\"705\" data-is-last-node=\"\" data-is-only-node=\"\"><strong data-start=\"442\" data-end=\"475\">Menor costo del ciclo de vida<\/strong><br data-start=\"475\" data-end=\"478\" \/>Aumenta el MTBF al mantener la lubricaci\u00f3n y proteger los rodamientos frente al desgaste y medios agresivos, lo que se traduce en intervalos de perforaci\u00f3n m\u00e1s largos, menos reemplazos de la barrena y menores costos operativos.<\/p>\n                            \n                     <\/div>\n\n                <\/li>\n\n\n\n                 \n                                    <li>\n\n                    <div  data-aos=\"zoom-in\" data-aos-duration=\"300\" data-aos-delay=\"300\"  class=\"img-1\">\n                        <img decoding=\"async\" src=\"https:\/\/glinik.com.pl\/wp-content\/uploads\/2026\/04\/zzespol_311_iadc117_14-scaled-e1776253176169-1024x843.jpg\" alt=\"\">\n                    <\/div>\n\n\n                    <div data-aos=\"fade-left\" data-aos-duration=\"300\" data-aos-delay=\"300\" class=\"box-left\">\n\n                            <h2> Endura\u2122<\/h2>\n                            <p data-start=\"0\" data-end=\"301\">El sistema de sellado de doble elast\u00f3mero es una soluci\u00f3n avanzada dise\u00f1ada para las condiciones de perforaci\u00f3n m\u00e1s exigentes. Dos barreras independientes protegen eficazmente los rodamientos, aseguran una lubricaci\u00f3n estable y prolongan significativamente la vida \u00fatil de la barrena, incluso en entornos altamente abrasivos. Los elast\u00f3meros de alto rendimiento (PremH\u2122 \/ ThermF\u2122) ofrecen una excelente resistencia qu\u00edmica y estabilidad t\u00e9rmica en un amplio rango de temperaturas, minimizando el riesgo de fugas.<\/p>\n<p data-start=\"303\" data-end=\"626\" data-is-last-node=\"\" data-is-only-node=\"\">\n                            \n                     <\/div>\n\n                <\/li>\n\n\n\n                 \n                \n            <\/ul>\n            <div id=\"myPager6\"><\/div>\n\n        <\/div>\n<\/div>\n\n\n\n<div style=\"height:206px\" aria-hidden=\"true\" class=\"wp-block-spacer\"><\/div>\n\n\n\n<p><\/p>\n","protected":false},"excerpt":{"rendered":"","protected":false},"author":3,"featured_media":0,"parent":0,"menu_order":0,"comment_status":"closed","ping_status":"closed","template":"page-full.php","meta":{"_acf_changed":false,"footnotes":""},"class_list":["post-15020","page","type-page","status-publish","hentry"],"acf":[],"_links":{"self":[{"href":"https:\/\/glinik.com.pl\/es\/wp-json\/wp\/v2\/pages\/15020","targetHints":{"allow":["GET"]}}],"collection":[{"href":"https:\/\/glinik.com.pl\/es\/wp-json\/wp\/v2\/pages"}],"about":[{"href":"https:\/\/glinik.com.pl\/es\/wp-json\/wp\/v2\/types\/page"}],"author":[{"embeddable":true,"href":"https:\/\/glinik.com.pl\/es\/wp-json\/wp\/v2\/users\/3"}],"replies":[{"embeddable":true,"href":"https:\/\/glinik.com.pl\/es\/wp-json\/wp\/v2\/comments?post=15020"}],"version-history":[{"count":2,"href":"https:\/\/glinik.com.pl\/es\/wp-json\/wp\/v2\/pages\/15020\/revisions"}],"predecessor-version":[{"id":15028,"href":"https:\/\/glinik.com.pl\/es\/wp-json\/wp\/v2\/pages\/15020\/revisions\/15028"}],"wp:attachment":[{"href":"https:\/\/glinik.com.pl\/es\/wp-json\/wp\/v2\/media?parent=15020"}],"curies":[{"name":"wp","href":"https:\/\/api.w.org\/{rel}","templated":true}]}}