{"id":15019,"date":"2026-04-21T08:23:08","date_gmt":"2026-04-21T06:23:08","guid":{"rendered":"https:\/\/glinik.com.pl\/?page_id=15019"},"modified":"2026-04-21T08:23:08","modified_gmt":"2026-04-21T06:23:08","slug":"systeme-detancheite","status":"publish","type":"page","link":"https:\/\/glinik.com.pl\/fr\/systeme-detancheite\/","title":{"rendered":"Syst\u00e8me d\u2019\u00e9tanch\u00e9it\u00e9"},"content":{"rendered":"\n<div class=\"slider-typ-3\">\n     <div class=\"container-full\">\n                    <ul id=\"lightSlider6\">\n                                    <li>\n\n                    <div  data-aos=\"zoom-in\" data-aos-duration=\"300\" data-aos-delay=\"300\"  class=\"img-1\">\n                        <img decoding=\"async\" src=\"https:\/\/glinik.com.pl\/wp-content\/uploads\/2026\/04\/zzespol_311_iadc437_12-scaled-e1776253071100-1024x843.jpg\" alt=\"\">\n                    <\/div>\n\n\n                    <div data-aos=\"fade-left\" data-aos-duration=\"300\" data-aos-delay=\"300\" class=\"box-left\">\n\n                            <h2>PremH\u2122<\/h2>\n                            <p data-start=\"0\" data-end=\"206\"><strong data-start=\"0\" data-end=\"23\">Stabilit\u00e9 thermique<\/strong><br data-start=\"23\" data-end=\"26\" \/>PremH\u2122 maintient une haute r\u00e9sistance m\u00e9canique et une faible d\u00e9formation \u00e0 des temp\u00e9ratures \u00e9lev\u00e9es, garantissant l\u2019\u00e9tanch\u00e9it\u00e9 et un fonctionnement fiable \u00e0 des RPM et WOB \u00e9lev\u00e9s.<\/p>\n<p data-start=\"208\" data-end=\"449\"><strong data-start=\"208\" data-end=\"239\">R\u00e9sistance chimique avanc\u00e9e<\/strong><br data-start=\"239\" data-end=\"242\" \/>Offre une excellente r\u00e9sistance aux d\u00e9chirures, \u00e0 l\u2019abrasion et \u00e0 la fissuration, tout en maintenant l\u2019\u00e9tanch\u00e9it\u00e9 dans des conditions de vibrations, de charges \u00e9lev\u00e9es et de vitesses de rotation importantes.<\/p>\n<p data-start=\"451\" data-end=\"638\" data-is-last-node=\"\" data-is-only-node=\"\"><strong data-start=\"451\" data-end=\"489\">Fiabilit\u00e9 op\u00e9rationnelle prolong\u00e9e<\/strong><br data-start=\"489\" data-end=\"492\" \/>Augmente le MTBF du syst\u00e8me de roulements et de lubrification, prolongeant la dur\u00e9e de vie du tr\u00e9pan et r\u00e9duisant les remplacements non planifi\u00e9s.<\/p>\n                            \n                     <\/div>\n\n                <\/li>\n\n\n\n                 \n                                    <li>\n\n                    <div  data-aos=\"zoom-in\" data-aos-duration=\"300\" data-aos-delay=\"300\"  class=\"img-1\">\n                        <img decoding=\"async\" src=\"https:\/\/glinik.com.pl\/wp-content\/uploads\/2026\/04\/zzespol_311_iadc437_13-1-scaled-e1776253147669-1024x831.png\" alt=\"\">\n                    <\/div>\n\n\n                    <div data-aos=\"fade-left\" data-aos-duration=\"300\" data-aos-delay=\"300\" class=\"box-left\">\n\n                            <h2> ThermF\u2122 <\/h2>\n                            <p data-start=\"0\" data-end=\"191\"><strong data-start=\"0\" data-end=\"23\">Stabilit\u00e9 thermique<\/strong><br data-start=\"23\" data-end=\"26\" \/>ThermF\u2122 assure un fonctionnement stable \u00e0 des temp\u00e9ratures de 180 \u00e0 230\u00b0C (jusqu\u2019\u00e0 250\u00b0C en pointe), en limitant l\u2019usure, les fuites et la d\u00e9gradation du lubrifiant.<\/p>\n<p data-start=\"193\" data-end=\"451\"><strong data-start=\"193\" data-end=\"224\">R\u00e9sistance chimique avanc\u00e9e<\/strong><br data-start=\"224\" data-end=\"227\" \/>Offre une excellente r\u00e9sistance \u00e0 l\u2019abrasion, aux d\u00e9chirures et \u00e0 l\u2019usure sous fortes charges et vibrations, tout en maintenant l\u2019\u00e9tanch\u00e9it\u00e9 m\u00eame en pr\u00e9sence de fortes diff\u00e9rences de pression et de variations de temp\u00e9rature.<\/p>\n<p data-start=\"453\" data-end=\"745\" data-is-last-node=\"\" data-is-only-node=\"\"><strong data-start=\"453\" data-end=\"484\">Co\u00fbt du cycle de vie r\u00e9duit<\/strong><br data-start=\"484\" data-end=\"487\" \/>Augmente le MTBF en assurant une lubrification efficace et en prot\u00e9geant les roulements contre l\u2019usure et les milieux agressifs, ce qui se traduit par des intervalles de forage plus longs, moins de remplacements de tr\u00e9pans et des co\u00fbts op\u00e9rationnels r\u00e9duits.<\/p>\n                            \n                     <\/div>\n\n                <\/li>\n\n\n\n                 \n                                    <li>\n\n                    <div  data-aos=\"zoom-in\" data-aos-duration=\"300\" data-aos-delay=\"300\"  class=\"img-1\">\n                        <img decoding=\"async\" src=\"https:\/\/glinik.com.pl\/wp-content\/uploads\/2026\/04\/zzespol_311_iadc117_14-scaled-e1776253176169-1024x843.jpg\" alt=\"\">\n                    <\/div>\n\n\n                    <div data-aos=\"fade-left\" data-aos-duration=\"300\" data-aos-delay=\"300\" class=\"box-left\">\n\n                            <h2> Endura\u2122<\/h2>\n                            <p data-start=\"0\" data-end=\"301\">Le syst\u00e8me d\u2019\u00e9tanch\u00e9it\u00e9 \u00e0 double \u00e9lastom\u00e8re est une solution avanc\u00e9e con\u00e7ue pour les conditions de forage les plus exigeantes. Deux barri\u00e8res ind\u00e9pendantes prot\u00e8gent efficacement les roulements, assurent une lubrification stable et prolongent significativement la dur\u00e9e de vie du tr\u00e9pan, m\u00eame dans des environnements hautement abrasifs. Les \u00e9lastom\u00e8res haute performance (PremH\u2122 \/ ThermF\u2122) offrent une excellente r\u00e9sistance chimique et une stabilit\u00e9 thermique sur une large plage de temp\u00e9ratures, minimisant le risque de fuites.<\/p>\n<p data-start=\"303\" data-end=\"626\" data-is-last-node=\"\" data-is-only-node=\"\">\n                            \n                     <\/div>\n\n                <\/li>\n\n\n\n                 \n                \n            <\/ul>\n            <div id=\"myPager6\"><\/div>\n\n        <\/div>\n<\/div>\n\n\n\n<div style=\"height:206px\" aria-hidden=\"true\" class=\"wp-block-spacer\"><\/div>\n","protected":false},"excerpt":{"rendered":"","protected":false},"author":3,"featured_media":0,"parent":0,"menu_order":0,"comment_status":"closed","ping_status":"closed","template":"page-full.php","meta":{"_acf_changed":false,"footnotes":""},"class_list":["post-15019","page","type-page","status-publish","hentry"],"acf":[],"_links":{"self":[{"href":"https:\/\/glinik.com.pl\/fr\/wp-json\/wp\/v2\/pages\/15019","targetHints":{"allow":["GET"]}}],"collection":[{"href":"https:\/\/glinik.com.pl\/fr\/wp-json\/wp\/v2\/pages"}],"about":[{"href":"https:\/\/glinik.com.pl\/fr\/wp-json\/wp\/v2\/types\/page"}],"author":[{"embeddable":true,"href":"https:\/\/glinik.com.pl\/fr\/wp-json\/wp\/v2\/users\/3"}],"replies":[{"embeddable":true,"href":"https:\/\/glinik.com.pl\/fr\/wp-json\/wp\/v2\/comments?post=15019"}],"version-history":[{"count":2,"href":"https:\/\/glinik.com.pl\/fr\/wp-json\/wp\/v2\/pages\/15019\/revisions"}],"predecessor-version":[{"id":15024,"href":"https:\/\/glinik.com.pl\/fr\/wp-json\/wp\/v2\/pages\/15019\/revisions\/15024"}],"wp:attachment":[{"href":"https:\/\/glinik.com.pl\/fr\/wp-json\/wp\/v2\/media?parent=15019"}],"curies":[{"name":"wp","href":"https:\/\/api.w.org\/{rel}","templated":true}]}}