{"id":9175,"date":"2021-06-26T16:03:32","date_gmt":"2021-06-26T14:03:32","guid":{"rendered":"https:\/\/glinik.com.pl\/lozyska\/"},"modified":"2026-02-26T09:00:10","modified_gmt":"2026-02-26T08:00:10","slug":"lozyska","status":"publish","type":"page","link":"https:\/\/glinik.com.pl\/fr\/lozyska\/","title":{"rendered":"Syst\u00e8me de roulement"},"content":{"rendered":"\n<div class=\"slider-typ-3\">\n     <div class=\"container-full\">\n                    <ul id=\"lightSlider6\">\n                                    <li>\n\n                    <div  data-aos=\"zoom-in\" data-aos-duration=\"300\" data-aos-delay=\"300\"  class=\"img-1\">\n                        <img decoding=\"async\" src=\"https:\/\/glinik.com.pl\/wp-content\/uploads\/2026\/02\/seg12-5-p171-scaled-e1772092674437-1024x820.jpg\" alt=\"\">\n                    <\/div>\n\n\n                    <div data-aos=\"fade-left\" data-aos-duration=\"300\" data-aos-delay=\"300\" class=\"box-left\">\n\n                            <h2>Roulement \u00e0 rouleaux non \u00e9tanche<\/h2>\n                            <p>Utilis\u00e9 pour des outils de forage de diam\u00e8tre 2-3\/8 \u201c jusqu\u2019\u00e0 42\u201d<br \/>\nUne solution id\u00e9ale pour les clients qui cherchent un outil visant l\u2019efficacit\u00e9 de forage \u00e0 un co\u00fbt comp\u00e9titif. Recommand\u00e9 pour le forage de courtes sections.<\/p>\n                            \n                     <\/div>\n\n                <\/li>\n\n\n\n                 \n                                    <li>\n\n                    <div  data-aos=\"zoom-in\" data-aos-duration=\"300\" data-aos-delay=\"300\"  class=\"img-1\">\n                        <img decoding=\"async\" src=\"https:\/\/glinik.com.pl\/wp-content\/uploads\/2026\/02\/seg12-5-p1276-scaled-e1772092717281-1024x790.jpg\" alt=\"\">\n                    <\/div>\n\n\n                    <div data-aos=\"fade-left\" data-aos-duration=\"300\" data-aos-delay=\"300\" class=\"box-left\">\n\n                            <h2>Roulement \u00e0 rouleaux \u00e9tanche<\/h2>\n                            <p>Utilis\u00e9 pour des outils de forage de diam\u00e8tre 5-7\/8 \u201c jusqu\u2019\u00e0 28\u201d<br \/>\nCaract\u00e9ris\u00e9 par l\u2019utilisation d\u2019un syst\u00e8me sp\u00e9cial de lubrification et d\u2019\u00e9tanch\u00e9it\u00e9.<br \/>\nCette solution assure une dur\u00e9e op\u00e9rationnelle beaucoup plus longue, prot\u00e9geant les composants du roulement contre la migration des fluides de forage et les d\u00e9bris.<\/p>\n                            \n                     <\/div>\n\n                <\/li>\n\n\n\n                 \n                                    <li>\n\n                    <div  data-aos=\"zoom-in\" data-aos-duration=\"300\" data-aos-delay=\"300\"  class=\"img-1\">\n                        <img decoding=\"async\" src=\"https:\/\/glinik.com.pl\/wp-content\/uploads\/2026\/02\/seg12-5-p536-scaled-e1772092783357-1024x776.jpg\" alt=\"\">\n                    <\/div>\n\n\n                    <div data-aos=\"fade-left\" data-aos-duration=\"300\" data-aos-delay=\"300\" class=\"box-left\">\n\n                            <h2>Palier lisse \u00e9tanche<\/h2>\n                            <p>Utilis\u00e9 pour des outils de forage de diam\u00e8tre 3-7\/8 \u201c jusqu\u2019\u00e0 17-1\/2\u201d<br \/>\nCaract\u00e9ris\u00e9 par une durabilit\u00e9 et une r\u00e9sistance \u00e0 l&rsquo;usure \u00e9lev\u00e9es, gr\u00e2ce \u00e0 l&rsquo;utilisation de composants innovants minimisant les frottements dans le roulement. Les outils de forage \u00e9tanches sont con\u00e7us pour fonctionner dans les conditions les plus exigeantes. Le roulement est \u00e9tanche et accompagn\u00e9 d\u2019un syst\u00e8me de lubrification.<\/p>\n                            \n                     <\/div>\n\n                <\/li>\n\n\n\n                 \n                \n            <\/ul>\n            <div id=\"myPager6\"><\/div>\n\n        <\/div>\n<\/div>\n\n\n\n<div style=\"height:206px\" aria-hidden=\"true\" class=\"wp-block-spacer\"><\/div>\n","protected":false},"excerpt":{"rendered":"","protected":false},"author":2,"featured_media":0,"parent":0,"menu_order":0,"comment_status":"closed","ping_status":"closed","template":"page-full.php","meta":{"_acf_changed":false,"footnotes":""},"class_list":["post-9175","page","type-page","status-publish","hentry"],"acf":[],"_links":{"self":[{"href":"https:\/\/glinik.com.pl\/fr\/wp-json\/wp\/v2\/pages\/9175","targetHints":{"allow":["GET"]}}],"collection":[{"href":"https:\/\/glinik.com.pl\/fr\/wp-json\/wp\/v2\/pages"}],"about":[{"href":"https:\/\/glinik.com.pl\/fr\/wp-json\/wp\/v2\/types\/page"}],"author":[{"embeddable":true,"href":"https:\/\/glinik.com.pl\/fr\/wp-json\/wp\/v2\/users\/2"}],"replies":[{"embeddable":true,"href":"https:\/\/glinik.com.pl\/fr\/wp-json\/wp\/v2\/comments?post=9175"}],"version-history":[{"count":3,"href":"https:\/\/glinik.com.pl\/fr\/wp-json\/wp\/v2\/pages\/9175\/revisions"}],"predecessor-version":[{"id":14685,"href":"https:\/\/glinik.com.pl\/fr\/wp-json\/wp\/v2\/pages\/9175\/revisions\/14685"}],"wp:attachment":[{"href":"https:\/\/glinik.com.pl\/fr\/wp-json\/wp\/v2\/media?parent=9175"}],"curies":[{"name":"wp","href":"https:\/\/api.w.org\/{rel}","templated":true}]}}